{"id":2,"date":"2013-06-07T19:15:21","date_gmt":"2013-06-07T19:15:21","guid":{"rendered":"https:\/\/miguel.peixe\/toolkit\/?page_id=2"},"modified":"2019-08-30T18:55:51","modified_gmt":"2019-08-30T18:55:51","slug":"about","status":"publish","type":"page","link":"https:\/\/geojournalism.org\/pt\/about\/","title":{"rendered":"Sobre"},"content":{"rendered":"<p>&nbsp;<\/p>\n<h1>Geojornalismo \u00e9 feito para\u00a0:<\/h1>\n<h1>Jornalistas<\/h1>\n<p>Rep\u00f3rteres , editores e outros profissionais envolvidos na nobre miss\u00e3o de produzir not\u00edcias relevantes para o seu p\u00fablico podem usar Geojournalism.org para produzir hist\u00f3rias multim\u00eddia, mapas simples e visualiza\u00e7\u00e3o de dados para ajudar a criar o contexto para as quest\u00f5es ambientais complexas<\/p>\n<h1>Desenvolvedores<\/h1>\n<p>Programadores e geeks que usam uma grande variedade de linguagens e ferramentas podem beber no vasto conhecimento de nossos colaboradores . Alguns de nossos tutoriais exploram bibliotecas de c\u00f3digo aberto para fazer mapas, infogr\u00e1ficos ou simplesmente lidar com grandes bases\u00a0de dados geogr\u00e1ficos<\/p>\n<h1>Designers<\/h1>\n<p>Os designers gr\u00e1ficos e especialistas em visualiza\u00e7\u00e3o de dados encontram na plataforma Geojournalism.org uma grande quantidade de recursos e dicas. Eles podem, por exemplo, melhorar os seus conhecimentos sobre as op\u00e7\u00f5es corretas para colorir mapas ou como configurar gr\u00e1ficos simples para descrever quest\u00f5es como o desmatamento e a mudan\u00e7a do clima<\/p>\n<h1><strong>Por que produzir um manual de Geojornalismo?<\/strong><\/h1>\n<p>Etiquetas s\u00e3o \u00fateis, \u00e0s vezes apenas maneiras elegantes de classificar conhecimento. Mas se tiv\u00e9ssemos que definir Geojornalismo em uma frase, dir\u00edamos: \u201c\u00c9 a pr\u00e1tica de contar hist\u00f3rias com dados gerados pelas Ci\u00eancias da Terra\u201d.<\/p>\n<p>Os jornalistas n\u00e3o podem se queixar da falta de dados quando precisam escrever sobre a Terra. Os cientistas t\u00eam coletado informa\u00e7\u00f5es sobre o ambiente em tantas maneiras, por tanto tempo, que saber lidar com a quantidade \u00e9 mais problem\u00e1tico do que sofrer por falta de informa\u00e7\u00e3o.<\/p>\n<div id=\"attachment_55\" style=\"width: 400px\" class=\"wp-caption alignright\"><a href=\"https:\/\/sciencepolicy.colorado.edu\/media_coverage\/world_graph.jpg\"><img loading=\"lazy\" decoding=\"async\" aria-describedby=\"caption-attachment-55\" class=\" wp-image-55 \" src=\"https:\/\/sciencepolicy.colorado.edu\/media_coverage\/world_graph.jpg\" alt=\"Para mais dados de mudan\u00e7a clim\u00e1tica ao redor do mundo, por favor, verifique o acompanhamento feito pelo Professor Max Boycoff, da Universidade do Colorado.\" width=\"390\" height=\"260\" \/><\/a><p id=\"caption-attachment-55\" class=\"wp-caption-text\">Para mais dados de mudan\u00e7a clim\u00e1tica ao redor do mundo, por favor, verifique o acompanhamento feito pelo Professor Max Boycoff, da Universidade do Colorado.<\/p><\/div>\n<p>\u00c9 poss\u00edvel encontrar s\u00e9ries hist\u00f3ricas incr\u00edveis na temperatura da superf\u00edcie dos oceanos, a concentra\u00e7\u00e3o de mon\u00f3xido de carbono na atmosfera, a densidade de biomassa em uma floresta ou a situa\u00e7\u00e3o da cobertura de gelo mar\u00edtimo no \u00c1rtico, entre muitos outros indicadores.<\/p>\n<p>Ainda mais interessante \u00e9 observar que as institui\u00e7\u00f5es cient\u00edficas e os pesquisadores, eles pr\u00f3prios, s\u00e3o os l\u00edderes em abrir os dados para o p\u00fablico.<\/p>\n<p>Muito menos inspirador, no entanto, tem sido a tend\u00eancia dos meios de comunica\u00e7\u00e3o de cortar equipes inteiras de ci\u00eancia e meio-ambiente. Aqueles que acreditavam que mudan\u00e7a clim\u00e1tica tinha transformado para sempre a cobertura de not\u00edcias estavam enganados. O interesse da m\u00eddia no assunto alcan\u00e7ou o \u00e1pice em 2009, durante as negocia\u00e7\u00f5es controversas da C\u00fapula do Clima de Copenhague. Veja a imagem ao lado.<\/p>\n<h1><strong>O in\u00edcio<\/strong><\/h1>\n<p>A hist\u00f3ria de Geojournalism.org come\u00e7a com um grupo de jornalistas ambientais que estavam cobrindo confer\u00eancias como a de Copenhague em 2009 e sentiram que era necess\u00e1rio uma nova abordagem sobre o assunto. Editores e leitores pareciam ter perdido o interesse devido a tantos fracassos nas pol\u00edticas ambientais.<\/p>\n<p>Ao mesmo tempo, medidas realizadas por sat\u00e9lites e pesquisadores em campo nunca deixaram de produzir informa\u00e7\u00f5es relevantes dos fen\u00f4menos naturais. Inspirados pelo movimento revigorante do jornalismo de dados, percebemos que havia espa\u00e7o para aqueles que lidavam com dados geogr\u00e1ficos e que utilizar princ\u00edpios de design e de visualiza\u00e7\u00e3o de dados poderia atrair novamente o interesse do p\u00fablico.<\/p>\n<p>Geojournalism.org\u00a0\u00e9 baseado na experi\u00eancia de muitos desses profissionais na constru\u00e7\u00e3o de suas plataformas de informa\u00e7\u00e3o tanto em ve\u00edculos de prest\u00edgio quanto como divulgadores independentes de not\u00edcias. O projeto \u00e9, acima de tudo, para tentar aumentar o n\u00famero de profissionais do jornalismo familiarizados com dados geogr\u00e1ficos e capazes de coordenar iniciativas de visualiza\u00e7\u00f5es interativas.<\/p>\n<p>Tentamos n\u00e3o abordar somente as ferramentas que podem ser desenvolvidas, mas tamb\u00e9m transmitir uma capacidade mais ampla com categorias como mapas, design, visualiza\u00e7\u00e3o, alimenta\u00e7\u00e3o coletiva de informa\u00e7\u00f5es (crowdsourcing), entre outros. Esperamos que este material continue sendo melhorado de agora em diante e que novos cap\u00edtulos sejam adicionados.<\/p>\n<h1><strong>Quem faz ?<\/strong><\/h1>\n<p>Geojournalismo faz parte do portfolio de <a href=\"https:\/\/infoamazonia.org\/\" target=\"_blank\" rel=\"noopener noreferrer\">InfoAmazonia<\/a>, uma equipe multidisciplinar trabalhando para criar aplica\u00e7\u00f5es \u00fateis para a cobertura ambiental. O guia foi criado em parceria \u00a0<a href=\"https:\/\/ecolab.oeco.org.br\/projects\/flagit\/\" target=\"_blank\" rel=\"noopener noreferrer\">Flag It Project<\/a>\u00a0e a\u00a0<a href=\"https:\/\/earthjournalism.net\/\" target=\"_blank\" rel=\"noopener noreferrer\">Earth Journalism Network<\/a>\u00a0da Internews..<\/p>\n<p>Coordenadores: Gustavo Faleiros &#8211; InfoAmazonia, Willie Shubert &#8211; Earth Journalism Network<\/p>\n<p>Ger\u00eancia de desenvolvimento: Stefano Wrobleski<\/p>\n<p>Desenvolvimento: Miguel Peixe e Vitor George, InfoAmazonia<\/p>\n<h1><strong>Quem financia o projeto<\/strong><\/h1>\n<p>O lan\u00e7amento deste guia s\u00f3 foi poss\u00edvel com o apoio financeiro da Commiss\u00e3o \u00a0Europeia atrav\u00e9s de seu programa \u00a0<a href=\"https:\/\/eacea.ec.europa.eu\/youth\/\" target=\"_blank\" rel=\"noopener noreferrer\">&#8220;Youth in Action&#8221; <\/a>\u00a0e do\u00a0<a href=\"https:\/\/www.icfj.org\/our-work\/\" target=\"_blank\" rel=\"noopener noreferrer\">Centro Internacional para Jornalistas<\/a>, por meio de sua Knight International Journalism Fellowship\u00a0. Apoio adicional\u00a0foi provido pelo projeto da\u00a0<a href=\"https:\/\/earthjournalism.net\/\" target=\"_blank\" rel=\"noopener noreferrer\">Internews- Earth Journalism Network<\/a>\u00a0.<\/p>","protected":false},"excerpt":{"rendered":"<p>&nbsp; Geojornalismo \u00e9 feito para\u00a0: Jornalistas Rep\u00f3rteres , editores e outros profissionais envolvidos na nobre miss\u00e3o de produzir not\u00edcias relevantes para o seu p\u00fablico podem usar Geojournalism.org para produzir hist\u00f3rias multim\u00eddia, mapas simples e visualiza\u00e7\u00e3o de dados para ajudar a criar o contexto para as quest\u00f5es ambientais complexas Desenvolvedores Programadores e geeks que usam uma [&hellip;]<\/p>\n","protected":false},"author":3,"featured_media":0,"parent":0,"menu_order":0,"comment_status":"open","ping_status":"open","template":"","meta":{"footnotes":"","big_sky_generated":false},"class_list":["post-2","page","type-page","status-publish","hentry"],"yoast_head":"<!-- This site is optimized with the Yoast SEO plugin v27.2 - https:\/\/yoast.com\/product\/yoast-seo-wordpress\/ -->\n<title>Sobre - geojournalism.org<\/title>\n<meta name=\"robots\" content=\"index, follow, max-snippet:-1, max-image-preview:large, max-video-preview:-1\" \/>\n<link rel=\"canonical\" href=\"https:\/\/geojournalism.org\/pt\/about\/\" \/>\n<meta property=\"og:locale\" content=\"pt_BR\" \/>\n<meta property=\"og:type\" content=\"article\" \/>\n<meta property=\"og:title\" content=\"Sobre - geojournalism.org\" \/>\n<meta property=\"og:description\" content=\"&nbsp; Geojornalismo \u00e9 feito para\u00a0: Jornalistas Rep\u00f3rteres , editores e outros profissionais envolvidos na nobre miss\u00e3o de produzir not\u00edcias relevantes para o seu p\u00fablico podem usar Geojournalism.org para produzir hist\u00f3rias multim\u00eddia, mapas simples e visualiza\u00e7\u00e3o de dados para ajudar a criar o contexto para as quest\u00f5es ambientais complexas Desenvolvedores Programadores e geeks que usam uma [&hellip;]\" \/>\n<meta property=\"og:url\" content=\"https:\/\/geojournalism.org\/pt\/about\/\" \/>\n<meta property=\"og:site_name\" content=\"geojournalism.org\" \/>\n<meta property=\"article:publisher\" content=\"https:\/\/www.facebook.com\/geojournalism\/\" \/>\n<meta property=\"article:modified_time\" content=\"2019-08-30T18:55:51+00:00\" \/>\n<meta property=\"og:image\" content=\"https:\/\/sciencepolicy.colorado.edu\/media_coverage\/world_graph.jpg\" \/>\n<meta name=\"twitter:card\" content=\"summary_large_image\" \/>\n<meta name=\"twitter:site\" content=\"@geojournalism\" \/>\n<meta name=\"twitter:label1\" content=\"Est. tempo de leitura\" \/>\n\t<meta name=\"twitter:data1\" content=\"8 minutos\" \/>\n<script type=\"application\/ld+json\" class=\"yoast-schema-graph\">{\"@context\":\"https:\/\/schema.org\",\"@graph\":[{\"@type\":\"WebPage\",\"@id\":\"https:\/\/geojournalism.org\/pt\/about\/\",\"url\":\"https:\/\/geojournalism.org\/pt\/about\/\",\"name\":\"Sobre - geojournalism.org\",\"isPartOf\":{\"@id\":\"https:\/\/geojournalism.org\/pt\/#website\"},\"primaryImageOfPage\":{\"@id\":\"https:\/\/geojournalism.org\/pt\/about\/#primaryimage\"},\"image\":{\"@id\":\"https:\/\/geojournalism.org\/pt\/about\/#primaryimage\"},\"thumbnailUrl\":\"https:\/\/sciencepolicy.colorado.edu\/media_coverage\/world_graph.jpg\",\"datePublished\":\"2013-06-07T19:15:21+00:00\",\"dateModified\":\"2019-08-30T18:55:51+00:00\",\"breadcrumb\":{\"@id\":\"https:\/\/geojournalism.org\/pt\/about\/#breadcrumb\"},\"inLanguage\":\"pt-BR\",\"potentialAction\":[{\"@type\":\"ReadAction\",\"target\":[[\"https:\/\/geojournalism.org\/pt\/about\/\"]]}]},{\"@type\":\"ImageObject\",\"inLanguage\":\"pt-BR\",\"@id\":\"https:\/\/geojournalism.org\/pt\/about\/#primaryimage\",\"url\":\"https:\/\/sciencepolicy.colorado.edu\/media_coverage\/world_graph.jpg\",\"contentUrl\":\"https:\/\/sciencepolicy.colorado.edu\/media_coverage\/world_graph.jpg\"},{\"@type\":\"BreadcrumbList\",\"@id\":\"https:\/\/geojournalism.org\/pt\/about\/#breadcrumb\",\"itemListElement\":[{\"@type\":\"ListItem\",\"position\":1,\"name\":\"Home\",\"item\":\"https:\/\/geojournalism.org\/pt\/\"},{\"@type\":\"ListItem\",\"position\":2,\"name\":\"Sobre\"}]},{\"@type\":\"WebSite\",\"@id\":\"https:\/\/geojournalism.org\/pt\/#website\",\"url\":\"https:\/\/geojournalism.org\/pt\/\",\"name\":\"geojournalism.org\",\"description\":\"As melhores ferramentas para reportagem multim\u00eddia\",\"potentialAction\":[{\"@type\":\"SearchAction\",\"target\":{\"@type\":\"EntryPoint\",\"urlTemplate\":\"https:\/\/geojournalism.org\/pt\/?s={search_term_string}\"},\"query-input\":{\"@type\":\"PropertyValueSpecification\",\"valueRequired\":true,\"valueName\":\"search_term_string\"}}],\"inLanguage\":\"pt-BR\"}]}<\/script>\n<!-- \/ Yoast SEO plugin. -->","yoast_head_json":{"title":"Sobre - geojournalism.org","robots":{"index":"index","follow":"follow","max-snippet":"max-snippet:-1","max-image-preview":"max-image-preview:large","max-video-preview":"max-video-preview:-1"},"canonical":"https:\/\/geojournalism.org\/pt\/about\/","og_locale":"pt_BR","og_type":"article","og_title":"Sobre - geojournalism.org","og_description":"&nbsp; Geojornalismo \u00e9 feito para\u00a0: Jornalistas Rep\u00f3rteres , editores e outros profissionais envolvidos na nobre miss\u00e3o de produzir not\u00edcias relevantes para o seu p\u00fablico podem usar Geojournalism.org para produzir hist\u00f3rias multim\u00eddia, mapas simples e visualiza\u00e7\u00e3o de dados para ajudar a criar o contexto para as quest\u00f5es ambientais complexas Desenvolvedores Programadores e geeks que usam uma [&hellip;]","og_url":"https:\/\/geojournalism.org\/pt\/about\/","og_site_name":"geojournalism.org","article_publisher":"https:\/\/www.facebook.com\/geojournalism\/","article_modified_time":"2019-08-30T18:55:51+00:00","og_image":[{"url":"https:\/\/sciencepolicy.colorado.edu\/media_coverage\/world_graph.jpg","type":"","width":"","height":""}],"twitter_card":"summary_large_image","twitter_site":"@geojournalism","twitter_misc":{"Est. tempo de leitura":"8 minutos"},"schema":{"@context":"https:\/\/schema.org","@graph":[{"@type":"WebPage","@id":"https:\/\/geojournalism.org\/pt\/about\/","url":"https:\/\/geojournalism.org\/pt\/about\/","name":"Sobre - geojournalism.org","isPartOf":{"@id":"https:\/\/geojournalism.org\/pt\/#website"},"primaryImageOfPage":{"@id":"https:\/\/geojournalism.org\/pt\/about\/#primaryimage"},"image":{"@id":"https:\/\/geojournalism.org\/pt\/about\/#primaryimage"},"thumbnailUrl":"https:\/\/sciencepolicy.colorado.edu\/media_coverage\/world_graph.jpg","datePublished":"2013-06-07T19:15:21+00:00","dateModified":"2019-08-30T18:55:51+00:00","breadcrumb":{"@id":"https:\/\/geojournalism.org\/pt\/about\/#breadcrumb"},"inLanguage":"pt-BR","potentialAction":[{"@type":"ReadAction","target":[["https:\/\/geojournalism.org\/pt\/about\/"]]}]},{"@type":"ImageObject","inLanguage":"pt-BR","@id":"https:\/\/geojournalism.org\/pt\/about\/#primaryimage","url":"https:\/\/sciencepolicy.colorado.edu\/media_coverage\/world_graph.jpg","contentUrl":"https:\/\/sciencepolicy.colorado.edu\/media_coverage\/world_graph.jpg"},{"@type":"BreadcrumbList","@id":"https:\/\/geojournalism.org\/pt\/about\/#breadcrumb","itemListElement":[{"@type":"ListItem","position":1,"name":"Home","item":"https:\/\/geojournalism.org\/pt\/"},{"@type":"ListItem","position":2,"name":"Sobre"}]},{"@type":"WebSite","@id":"https:\/\/geojournalism.org\/pt\/#website","url":"https:\/\/geojournalism.org\/pt\/","name":"geojournalism.org","description":"As melhores ferramentas para reportagem multim\u00eddia","potentialAction":[{"@type":"SearchAction","target":{"@type":"EntryPoint","urlTemplate":"https:\/\/geojournalism.org\/pt\/?s={search_term_string}"},"query-input":{"@type":"PropertyValueSpecification","valueRequired":true,"valueName":"search_term_string"}}],"inLanguage":"pt-BR"}]}},"_links":{"self":[{"href":"https:\/\/geojournalism.org\/pt\/wp-json\/wp\/v2\/pages\/2","targetHints":{"allow":["GET"]}}],"collection":[{"href":"https:\/\/geojournalism.org\/pt\/wp-json\/wp\/v2\/pages"}],"about":[{"href":"https:\/\/geojournalism.org\/pt\/wp-json\/wp\/v2\/types\/page"}],"author":[{"embeddable":true,"href":"https:\/\/geojournalism.org\/pt\/wp-json\/wp\/v2\/users\/3"}],"replies":[{"embeddable":true,"href":"https:\/\/geojournalism.org\/pt\/wp-json\/wp\/v2\/comments?post=2"}],"version-history":[{"count":41,"href":"https:\/\/geojournalism.org\/pt\/wp-json\/wp\/v2\/pages\/2\/revisions"}],"predecessor-version":[{"id":1804,"href":"https:\/\/geojournalism.org\/pt\/wp-json\/wp\/v2\/pages\/2\/revisions\/1804"}],"wp:attachment":[{"href":"https:\/\/geojournalism.org\/pt\/wp-json\/wp\/v2\/media?parent=2"}],"curies":[{"name":"wp","href":"https:\/\/api.w.org\/{rel}","templated":true}]}}